{"id":178,"date":"2026-01-28T21:19:51","date_gmt":"2026-01-28T21:19:51","guid":{"rendered":"https:\/\/ebrich.com\/accueil\/"},"modified":"2026-01-30T15:21:27","modified_gmt":"2026-01-30T15:21:27","slug":"accueil","status":"publish","type":"page","link":"https:\/\/ebrich.com\/fr\/","title":{"rendered":"Accueil"},"content":{"rendered":"\t\t<div data-elementor-type=\"wp-page\" data-elementor-id=\"178\" class=\"elementor elementor-178 elementor-25\" data-elementor-post-type=\"page\">\n\t\t\t\t<div class=\"elementor-element elementor-element-abb0fc4 e-flex e-con-boxed e-con e-parent\" data-id=\"abb0fc4\" data-element_type=\"container\" data-e-type=\"container\">\n\t\t\t\t\t<div class=\"e-con-inner\">\n\t\t\t\t<div class=\"elementor-element elementor-element-1639d81 elementor--h-position-center elementor--v-position-middle elementor-arrows-position-inside elementor-pagination-position-inside elementor-widget elementor-widget-slides\" data-id=\"1639d81\" data-element_type=\"widget\" data-e-type=\"widget\" data-settings=\"{&quot;navigation&quot;:&quot;both&quot;,&quot;autoplay&quot;:&quot;yes&quot;,&quot;pause_on_hover&quot;:&quot;yes&quot;,&quot;pause_on_interaction&quot;:&quot;yes&quot;,&quot;autoplay_speed&quot;:5000,&quot;infinite&quot;:&quot;yes&quot;,&quot;transition&quot;:&quot;slide&quot;,&quot;transition_speed&quot;:500}\" data-widget_type=\"slides.default\">\n\t\t\t\t\t\t\t\t\t\t<div class=\"elementor-slides-wrapper elementor-main-swiper swiper\" role=\"region\" aria-roledescription=\"carousel\" aria-label=\"Slides\" dir=\"ltr\" data-animation=\"fadeInUp\">\n\t\t\t\t<div class=\"swiper-wrapper elementor-slides\">\n\t\t\t\t\t\t\t\t\t\t<div class=\"elementor-repeater-item-c33e4af swiper-slide\" role=\"group\" aria-roledescription=\"slide\"><div class=\"swiper-slide-bg elementor-ken-burns elementor-ken-burns--in\" role=\"img\" aria-label=\"argent\"><\/div><div class=\"swiper-slide-inner\" ><div class=\"swiper-slide-contents\"><div class=\"elementor-slide-heading\">Des millions de dollars r\u00e9cup\u00e9r\u00e9s<\/div><div class=\"elementor-slide-description\"><p>Nous avons r\u00e9ussi \u00e0 r\u00e9unir nos clients avec des millions de dollars d\u2019actifs perdus. Ce sont des actifs que les clients ont perdus de vue ou dont ils n\u2019\u00e9taient m\u00eame pas conscients.<\/p>\n<\/div><\/div><\/div><\/div><div class=\"elementor-repeater-item-18c4825 swiper-slide\" role=\"group\" aria-roledescription=\"slide\"><div class=\"swiper-slide-bg elementor-ken-burns elementor-ken-burns--in\" role=\"img\" aria-label=\"sans risque\"><\/div><div class=\"swiper-slide-inner\" ><div class=\"swiper-slide-contents\"><div class=\"elementor-slide-heading\">Service de recouvrement sans risque<\/div><div class=\"elementor-slide-description\"><p>Aucun frais initial&nbsp;; nous ne demandons aucune information financi\u00e8re personnelle. Nous assumons tous les co\u00fbts associ\u00e9s \u00e0 la r\u00e9cup\u00e9ration des montants non r\u00e9clam\u00e9s. Nos honoraires sont conditionnels \u00e0 un recouvrement r\u00e9ussi. Pas de recouvrement, pas de frais&nbsp;!<\/p>\n<\/div><\/div><\/div><\/div><div class=\"elementor-repeater-item-05b8a40 swiper-slide\" role=\"group\" aria-roledescription=\"slide\"><div class=\"swiper-slide-bg elementor-ken-burns elementor-ken-burns--in\" role=\"img\" aria-label=\"nos-clients\"><\/div><div class=\"swiper-slide-inner\" ><div class=\"swiper-slide-contents\"><div class=\"elementor-slide-heading\">Nos clients sont v\u00e9ritablement nos plus grands atouts<\/div><div class=\"elementor-slide-description\"><p>Nous avons con\u00e7u notre service pour r\u00e9pondre aux besoins de nos clients et d\u00e9passer leurs attentes.<\/p>\n<\/div><\/div><\/div><\/div><div class=\"elementor-repeater-item-76534ad swiper-slide\" role=\"group\" aria-roledescription=\"slide\"><div class=\"swiper-slide-bg\" role=\"img\" aria-label=\"rendement\"><\/div><div class=\"swiper-slide-inner\" ><div class=\"swiper-slide-contents\"><div class=\"elementor-slide-heading\">Paiement au rendement uniquement&nbsp;: Pas de recouvrement, pas de frais<\/div><div class=\"elementor-slide-description\"><p>Nous ne percevons des honoraires que si nous r\u00e9ussissons \u00e0 recouvrer les montants non r\u00e9clam\u00e9s au nom de nos clients. Aucun co\u00fbt initial&nbsp;; nous assumons tous les frais associ\u00e9s \u00e0 la r\u00e9clamation des fonds. Nous \u00e9mettons une facture uniquement une fois que les montants sont re\u00e7us par nos clients.<\/p>\n<\/div><\/div><\/div><\/div>\t\t\t\t<\/div>\n\t\t\t\t\t\t\t\t\t\t\t\t\t\t\t<div class=\"elementor-swiper-button elementor-swiper-button-prev\" role=\"button\" tabindex=\"0\" aria-label=\"Diapositive pr\u00e9c\u00e9dente\">\n\t\t\t\t\t\t\t<svg aria-hidden=\"true\" class=\"e-font-icon-svg e-eicon-chevron-left\" viewBox=\"0 0 1000 1000\" xmlns=\"http:\/\/www.w3.org\/2000\/svg\"><path d=\"M646 125C629 125 613 133 604 142L308 442C296 454 292 471 292 487 292 504 296 521 308 533L604 854C617 867 629 875 646 875 663 875 679 871 692 858 704 846 713 829 713 812 713 796 708 779 692 767L438 487 692 225C700 217 708 204 708 187 708 171 704 154 692 142 675 129 663 125 646 125Z\"><\/path><\/svg>\t\t\t\t\t\t<\/div>\n\t\t\t\t\t\t<div class=\"elementor-swiper-button elementor-swiper-button-next\" role=\"button\" tabindex=\"0\" aria-label=\"Diapositive suivante\">\n\t\t\t\t\t\t\t<svg aria-hidden=\"true\" class=\"e-font-icon-svg e-eicon-chevron-right\" viewBox=\"0 0 1000 1000\" xmlns=\"http:\/\/www.w3.org\/2000\/svg\"><path d=\"M696 533C708 521 713 504 713 487 713 471 708 454 696 446L400 146C388 133 375 125 354 125 338 125 325 129 313 142 300 154 292 171 292 187 292 204 296 221 308 233L563 492 304 771C292 783 288 800 288 817 288 833 296 850 308 863 321 871 338 875 354 875 371 875 388 867 400 854L696 533Z\"><\/path><\/svg>\t\t\t\t\t\t<\/div>\n\t\t\t\t\t\t\t\t\t\t\t\t\t\t\t\t<div class=\"swiper-pagination\"><\/div>\n\t\t\t\t\t\t\t\t\t\t\t\t<\/div>\n\t\t\t\t\t\t\t\t<\/div>\n\t\t\t\t\t<\/div>\n\t\t\t\t<\/div>\n\t\t<div class=\"elementor-element elementor-element-612ecc7 e-flex e-con-boxed e-con e-parent\" data-id=\"612ecc7\" data-element_type=\"container\" data-e-type=\"container\">\n\t\t\t\t\t<div class=\"e-con-inner\">\n\t\t<div class=\"elementor-element elementor-element-669f9a8 e-con-full e-flex e-con e-child\" data-id=\"669f9a8\" data-element_type=\"container\" data-e-type=\"container\">\n\t\t\t\t<div class=\"elementor-element elementor-element-2b112a8 elementor-widget elementor-widget-text-editor\" data-id=\"2b112a8\" data-element_type=\"widget\" data-e-type=\"widget\" data-widget_type=\"text-editor.default\">\n\t\t\t\t\t\t\t\t\t<h2>Contactez-nous<\/h2><p><strong>E.B. Rich Research Inc.<\/strong><br>1105-6005, boul. Cavendish<br>C\u00f4te-Saint-Luc, QC H4W 3E2<\/p><p><strong>T\u00e9l\u00e9phone&nbsp;:<\/strong> +1 (514) 239-2268<\/p>\t\t\t\t\t\t\t\t<\/div>\n\t\t\t\t<\/div>\n\t\t<div class=\"elementor-element elementor-element-a44e2be e-con-full e-flex e-con e-child\" data-id=\"a44e2be\" data-element_type=\"container\" data-e-type=\"container\">\n\t\t\t\t<div class=\"elementor-element elementor-element-a6b0b2d elementor-widget elementor-widget-text-editor\" data-id=\"a6b0b2d\" data-element_type=\"widget\" data-e-type=\"widget\" data-widget_type=\"text-editor.default\">\n\t\t\t\t\t\t\t\t\t<h2>Nos services<\/h2><p>Nous obtenons nos informations par le biais de demandes d\u2019acc\u00e8s \u00e0 l\u2019information aupr\u00e8s de divers organismes gouvernementaux.<\/p><p><a href=\"https:\/\/ebrich.com\/fr\/nos-services\/\">En savoir plus &gt;<\/a><\/p>\t\t\t\t\t\t\t\t<\/div>\n\t\t\t\t<\/div>\n\t\t<div class=\"elementor-element elementor-element-98b52e9 e-con-full e-flex e-con e-child\" data-id=\"98b52e9\" data-element_type=\"container\" data-e-type=\"container\">\n\t\t\t\t<div class=\"elementor-element elementor-element-bf3de97 elementor-widget elementor-widget-text-editor\" data-id=\"bf3de97\" data-element_type=\"widget\" data-e-type=\"widget\" data-widget_type=\"text-editor.default\">\n\t\t\t\t\t\t\t\t\t<h2>FAQ<\/h2><p>Que sont les actifs non r\u00e9clam\u00e9s&nbsp;?<br>Pourquoi les actifs s\u2019\u00e9garent-ils&nbsp;?<br><span style=\"font-family: -apple-system, BlinkMacSystemFont, 'Segoe UI', Roboto, 'Helvetica Neue', Arial, 'Noto Sans', sans-serif, 'Apple Color Emoji', 'Segoe UI Emoji', 'Segoe UI Symbol', 'Noto Color Emoji';\">D\u2019autres questions&nbsp;?<\/span><\/p><p><a href=\"https:\/\/ebrich.com\/fr\/foire-aux-questions\/\">Consultez notre section FAQ&nbsp;!<\/a><\/p>\t\t\t\t\t\t\t\t<\/div>\n\t\t\t\t<\/div>\n\t\t\t\t\t<\/div>\n\t\t\t\t<\/div>\n\t\t<div class=\"elementor-element elementor-element-97ab5e8 e-flex e-con-boxed e-con e-parent\" data-id=\"97ab5e8\" data-element_type=\"container\" data-e-type=\"container\">\n\t\t\t\t\t<div class=\"e-con-inner\">\n\t\t<div class=\"elementor-element elementor-element-bf0283a e-con-full e-flex e-con e-child\" data-id=\"bf0283a\" data-element_type=\"container\" data-e-type=\"container\">\n\t\t\t\t<div class=\"elementor-element elementor-element-3f12ca7 elementor-widget elementor-widget-text-editor\" data-id=\"3f12ca7\" data-element_type=\"widget\" data-e-type=\"widget\" data-widget_type=\"text-editor.default\">\n\t\t\t\t\t\t\t\t\t<h3>NOTRE OBJECTIF<\/h3><p>Notre mission est de recouvrer avec succ\u00e8s les actifs non r\u00e9clam\u00e9s au nom de nos clients. Notre service est con\u00e7u pour \u00eatre confidentiel, discret et sans risque pour nos clients. Nous menons nos activit\u00e9s de mani\u00e8re professionnelle et avec la plus grande int\u00e9grit\u00e9. Nos clients sont v\u00e9ritablement nos plus grands atouts.<\/p>\t\t\t\t\t\t\t\t<\/div>\n\t\t\t\t<\/div>\n\t\t<div class=\"elementor-element elementor-element-f72c3c3 e-con-full e-flex e-con e-child\" data-id=\"f72c3c3\" data-element_type=\"container\" data-e-type=\"container\">\n\t\t\t\t<div class=\"elementor-element elementor-element-ed84b68 elementor-widget elementor-widget-text-editor\" data-id=\"ed84b68\" data-element_type=\"widget\" data-e-type=\"widget\" data-widget_type=\"text-editor.default\">\n\t\t\t\t\t\t\t\t\t<h3>NOTRE \u00c9QUIPE<\/h3><p>E.B. Rich Research Inc. retient les services d\u2019enqu\u00eateurs priv\u00e9s, d\u2019avocats, de g\u00e9n\u00e9alogistes et de personnel de soutien administratif pour aider \u00e0 fournir un service unique et efficace \u00e0 ses clients.<\/p><h3>DIRECTION<\/h3><p>Gerry Goldenberg \u2013 Pr\u00e9sident<br>L\u2019expertise de Gerry r\u00e9side dans la localisation des sources de biens non r\u00e9clam\u00e9s et la coordination de la recherche pour retrouver les b\u00e9n\u00e9ficiaires ayant droit. Il poss\u00e8de une vaste exp\u00e9rience dans la prestation de services de consultation et d\u2019initiatives de r\u00e9duction des co\u00fbts aupr\u00e8s de petites, moyennes et grandes organisations dans divers secteurs tels que&nbsp;: les fabricants de biens de consommation, les gouvernements, les institutions financi\u00e8res, le p\u00e9trole et le gaz, les services publics et le divertissement.<\/p>\t\t\t\t\t\t\t\t<\/div>\n\t\t\t\t<\/div>\n\t\t\t\t\t<\/div>\n\t\t\t\t<\/div>\n\t\t\t\t<\/div>\n\t\t","protected":false},"excerpt":{"rendered":"<p>Des millions de dollars r\u00e9cup\u00e9r\u00e9s Nous avons r\u00e9ussi \u00e0 r\u00e9unir nos clients avec des millions de dollars d\u2019actifs perdus. Ce sont des actifs que les clients ont perdus de vue ou dont ils n\u2019\u00e9taient m\u00eame pas conscients. Service de recouvrement sans risque Aucun frais initial&nbsp;; nous ne demandons aucune information financi\u00e8re personnelle. Nous assumons tous [&hellip;]<\/p>\n","protected":false},"author":1,"featured_media":0,"parent":0,"menu_order":0,"comment_status":"closed","ping_status":"closed","template":"","meta":{"footnotes":""},"class_list":["post-178","page","type-page","status-publish","hentry"],"_links":{"self":[{"href":"https:\/\/ebrich.com\/fr\/wp-json\/wp\/v2\/pages\/178","targetHints":{"allow":["GET"]}}],"collection":[{"href":"https:\/\/ebrich.com\/fr\/wp-json\/wp\/v2\/pages"}],"about":[{"href":"https:\/\/ebrich.com\/fr\/wp-json\/wp\/v2\/types\/page"}],"author":[{"embeddable":true,"href":"https:\/\/ebrich.com\/fr\/wp-json\/wp\/v2\/users\/1"}],"replies":[{"embeddable":true,"href":"https:\/\/ebrich.com\/fr\/wp-json\/wp\/v2\/comments?post=178"}],"version-history":[{"count":2,"href":"https:\/\/ebrich.com\/fr\/wp-json\/wp\/v2\/pages\/178\/revisions"}],"predecessor-version":[{"id":226,"href":"https:\/\/ebrich.com\/fr\/wp-json\/wp\/v2\/pages\/178\/revisions\/226"}],"wp:attachment":[{"href":"https:\/\/ebrich.com\/fr\/wp-json\/wp\/v2\/media?parent=178"}],"curies":[{"name":"wp","href":"https:\/\/api.w.org\/{rel}","templated":true}]}}