{"id":184,"date":"2026-01-28T21:55:37","date_gmt":"2026-01-28T21:55:37","guid":{"rendered":"https:\/\/ebrich.com\/contactez-nous\/"},"modified":"2026-01-30T15:14:09","modified_gmt":"2026-01-30T15:14:09","slug":"contactez-nous","status":"publish","type":"page","link":"https:\/\/ebrich.com\/fr\/contactez-nous\/","title":{"rendered":"Contactez-nous"},"content":{"rendered":"\t\t<div data-elementor-type=\"wp-page\" data-elementor-id=\"184\" class=\"elementor elementor-184 elementor-106\" data-elementor-post-type=\"page\">\n\t\t\t\t<div class=\"elementor-element elementor-element-202d1aa e-flex e-con-boxed e-con e-parent\" data-id=\"202d1aa\" data-element_type=\"container\" data-e-type=\"container\">\n\t\t\t\t\t<div class=\"e-con-inner\">\n\t\t<div class=\"elementor-element elementor-element-a46c96d e-con-full e-flex e-con e-child\" data-id=\"a46c96d\" data-element_type=\"container\" data-e-type=\"container\">\n\t\t\t\t<div class=\"elementor-element elementor-element-0808a70 elementor-widget elementor-widget-text-editor\" data-id=\"0808a70\" data-element_type=\"widget\" data-e-type=\"widget\" data-widget_type=\"text-editor.default\">\n\t\t\t\t\t\t\t\t\t<h1>Contactez-nous<\/h1><p><strong>E.B. Rich Research Inc.<\/strong><br>1105-6005, boul. Cavendish<br>C\u00f4te-Saint-Luc, QC H4W 3E2<\/p><p><strong>T\u00e9l\u00e9phone&nbsp;:<\/strong> +1 (514) 239-2268<\/p><p><strong>Contact individuel<\/strong><br>Gerry Goldenberg<br>T\u00e9l. : +1 (514) 239-2268<\/p>\t\t\t\t\t\t\t\t<\/div>\n\t\t\t\t<\/div>\n\t\t<div class=\"elementor-element elementor-element-ce2c682 e-con-full e-flex e-con e-child\" data-id=\"ce2c682\" data-element_type=\"container\" data-e-type=\"container\">\n\t\t\t\t<div class=\"elementor-element elementor-element-0fb4ff7 elementor-widget elementor-widget-text-editor\" data-id=\"0fb4ff7\" data-element_type=\"widget\" data-e-type=\"widget\" data-widget_type=\"text-editor.default\">\n\t\t\t\t\t\t\t\t\t<h3>Avis de confidentialit\u00e9<\/h3><p>E. B. Rich s\u2019engage \u00e0 respecter la vie priv\u00e9e des personnes et reconna\u00eet la n\u00e9cessit\u00e9 d\u2019une gestion et d\u2019une protection appropri\u00e9es des renseignements personnels que vous consentez \u00e0 nous fournir. Nous ne partagerons pas vos renseignements avec des tiers \u00e0 l\u2019ext\u00e9rieur de notre organisation, sauf si cela est n\u00e9cessaire pour r\u00e9pondre \u00e0 votre demande.<\/p>\t\t\t\t\t\t\t\t<\/div>\n\t\t\t\t<\/div>\n\t\t\t\t\t<\/div>\n\t\t\t\t<\/div>\n\t\t\t\t<\/div>\n\t\t","protected":false},"excerpt":{"rendered":"<p>Contactez-nous E.B. Rich Research Inc.1105-6005, boul. CavendishC\u00f4te-Saint-Luc, QC H4W 3E2 T\u00e9l\u00e9phone&nbsp;: +1 (514) 239-2268 Contact individuelGerry GoldenbergT\u00e9l. : +1 (514) 239-2268 Avis de confidentialit\u00e9 E. B. Rich s\u2019engage \u00e0 respecter la vie priv\u00e9e des personnes et reconna\u00eet la n\u00e9cessit\u00e9 d\u2019une gestion et d\u2019une protection appropri\u00e9es des renseignements personnels que vous consentez \u00e0 nous fournir. Nous [&hellip;]<\/p>\n","protected":false},"author":1,"featured_media":0,"parent":0,"menu_order":0,"comment_status":"closed","ping_status":"closed","template":"","meta":{"footnotes":""},"class_list":["post-184","page","type-page","status-publish","hentry"],"_links":{"self":[{"href":"https:\/\/ebrich.com\/fr\/wp-json\/wp\/v2\/pages\/184","targetHints":{"allow":["GET"]}}],"collection":[{"href":"https:\/\/ebrich.com\/fr\/wp-json\/wp\/v2\/pages"}],"about":[{"href":"https:\/\/ebrich.com\/fr\/wp-json\/wp\/v2\/types\/page"}],"author":[{"embeddable":true,"href":"https:\/\/ebrich.com\/fr\/wp-json\/wp\/v2\/users\/1"}],"replies":[{"embeddable":true,"href":"https:\/\/ebrich.com\/fr\/wp-json\/wp\/v2\/comments?post=184"}],"version-history":[{"count":1,"href":"https:\/\/ebrich.com\/fr\/wp-json\/wp\/v2\/pages\/184\/revisions"}],"predecessor-version":[{"id":185,"href":"https:\/\/ebrich.com\/fr\/wp-json\/wp\/v2\/pages\/184\/revisions\/185"}],"wp:attachment":[{"href":"https:\/\/ebrich.com\/fr\/wp-json\/wp\/v2\/media?parent=184"}],"curies":[{"name":"wp","href":"https:\/\/api.w.org\/{rel}","templated":true}]}}