{"id":186,"date":"2026-01-28T21:39:34","date_gmt":"2026-01-28T21:39:34","guid":{"rendered":"https:\/\/ebrich.com\/foire-aux-questions\/"},"modified":"2026-01-30T15:16:34","modified_gmt":"2026-01-30T15:16:34","slug":"foire-aux-questions","status":"publish","type":"page","link":"https:\/\/ebrich.com\/fr\/foire-aux-questions\/","title":{"rendered":"Foire aux questions"},"content":{"rendered":"\t\t<div data-elementor-type=\"wp-page\" data-elementor-id=\"186\" class=\"elementor elementor-186 elementor-50\" data-elementor-post-type=\"page\">\n\t\t\t\t<div class=\"elementor-element elementor-element-202d1aa e-flex e-con-boxed e-con e-parent\" data-id=\"202d1aa\" data-element_type=\"container\" data-e-type=\"container\">\n\t\t\t\t\t<div class=\"e-con-inner\">\n\t\t\t\t<div class=\"elementor-element elementor-element-0808a70 elementor-widget elementor-widget-text-editor\" data-id=\"0808a70\" data-element_type=\"widget\" data-e-type=\"widget\" data-widget_type=\"text-editor.default\">\n\t\t\t\t\t\t\t\t\t<h1>Foire aux questions<\/h1>\n<p><b>Que sont les actifs non r\u00e9clam\u00e9s&nbsp;?<br><\/b>Les biens non r\u00e9clam\u00e9s, \u00e9galement appel\u00e9s propri\u00e9t\u00e9s non r\u00e9clam\u00e9es, sont des biens ayant une valeur financi\u00e8re dont les particuliers, les successions et les entreprises n&rsquo;ont pas connaissance. Ces biens non r\u00e9clam\u00e9s sont d\u00e9tenus par le gouvernement ou d&rsquo;autres organismes.<\/p>\n<p><b>Pourquoi les actifs s\u2019\u00e9garent-ils&nbsp;?<br><\/b>Les biens se perdent \u00e0 cause des d\u00e9m\u00e9nagements, des mariages et des d\u00e9c\u00e8s. Il y a des erreurs dans l&rsquo;enregistrement des noms et adresses. Lorsque des biens sont dus \u00e0 une succession en l&rsquo;absence de testament, il peut \u00eatre difficile de d\u00e9terminer les h\u00e9ritiers l\u00e9gitimes. Certaines personnes ne sont pas conscientes de leur droit \u00e0 ces biens. Les entreprises d\u00e9m\u00e9nagent, font l&rsquo;objet d&rsquo;acquisitions et de fusions, sans savoir qu&rsquo;elles ont droit \u00e0 certains actifs.<\/p>\n<p><b>Pourquoi n&rsquo;ai-je pas \u00e9t\u00e9 contact\u00e9 directement par la source des avoirs non r\u00e9clam\u00e9s ?<br><\/b>Les sources de ces fonds tentent g\u00e9n\u00e9ralement dans un premier temps de retrouver les propri\u00e9taires des avoirs non r\u00e9clam\u00e9s, mais leur activit\u00e9 principale et leur expertise ne r\u00e9sident pas dans la recherche de personnes. Par cons\u00e9quent, leurs efforts initiaux sont g\u00e9n\u00e9ralement infructueux.\nE.B. Rich Research Inc. poss\u00e8de les comp\u00e9tences, le personnel et l&rsquo;expertise n\u00e9cessaires pour localiser les parties habilit\u00e9es. <\/p>\n<p><b>Avec toutes les arnaques m\u00e9diatis\u00e9es, comment puis-je \u00eatre s\u00fbr que ce service est l\u00e9gitime ?<br><\/b>Tous les actifs non r\u00e9clam\u00e9s proviennent de sources gouvernementales l\u00e9gitimes ou d&rsquo;autres organismes.\nIl n&rsquo;y a pas de frais initiaux.\nTous les actifs sont envoy\u00e9s directement \u00e0 nos clients.\nE.B. Rich Research Inc. issues an invoice once the assets are received by our Clients.\nOur reputation is vital to us therefore we always conduct our business professionally and with the utmost integrity.    <\/p>\n<p><b>Pourquoi travailler chez E.B. Rich Research Inc. ?<br><\/b>Nous avons fait nos preuves. Nos professionnels s&rsquo;engagent \u00e0 localiser et \u00e0 r\u00e9cup\u00e9rer les actifs perdus pour le compte de nos clients. Nous disposons d&rsquo;une expertise en mati\u00e8re de recherche (logiciels et informations propri\u00e9taires) et d&rsquo;identification des cr\u00e9ances. Nous travaillons sur la base d&rsquo;honoraires conditionnels. Aucun risque \u2013 rendement \u00e9lev\u00e9.    <\/p>\t\t\t\t\t\t\t\t<\/div>\n\t\t\t\t\t<\/div>\n\t\t\t\t<\/div>\n\t\t\t\t<\/div>\n\t\t","protected":false},"excerpt":{"rendered":"<p>Foire aux questions Que sont les actifs non r\u00e9clam\u00e9s&nbsp;?Les biens non r\u00e9clam\u00e9s, \u00e9galement appel\u00e9s propri\u00e9t\u00e9s non r\u00e9clam\u00e9es, sont des biens ayant une valeur financi\u00e8re dont les particuliers, les successions et les entreprises n&rsquo;ont pas connaissance. Ces biens non r\u00e9clam\u00e9s sont d\u00e9tenus par le gouvernement ou d&rsquo;autres organismes. Pourquoi les actifs s\u2019\u00e9garent-ils&nbsp;?Les biens se perdent \u00e0 [&hellip;]<\/p>\n","protected":false},"author":1,"featured_media":0,"parent":0,"menu_order":0,"comment_status":"closed","ping_status":"closed","template":"","meta":{"footnotes":""},"class_list":["post-186","page","type-page","status-publish","hentry"],"_links":{"self":[{"href":"https:\/\/ebrich.com\/fr\/wp-json\/wp\/v2\/pages\/186","targetHints":{"allow":["GET"]}}],"collection":[{"href":"https:\/\/ebrich.com\/fr\/wp-json\/wp\/v2\/pages"}],"about":[{"href":"https:\/\/ebrich.com\/fr\/wp-json\/wp\/v2\/types\/page"}],"author":[{"embeddable":true,"href":"https:\/\/ebrich.com\/fr\/wp-json\/wp\/v2\/users\/1"}],"replies":[{"embeddable":true,"href":"https:\/\/ebrich.com\/fr\/wp-json\/wp\/v2\/comments?post=186"}],"version-history":[{"count":1,"href":"https:\/\/ebrich.com\/fr\/wp-json\/wp\/v2\/pages\/186\/revisions"}],"predecessor-version":[{"id":187,"href":"https:\/\/ebrich.com\/fr\/wp-json\/wp\/v2\/pages\/186\/revisions\/187"}],"wp:attachment":[{"href":"https:\/\/ebrich.com\/fr\/wp-json\/wp\/v2\/media?parent=186"}],"curies":[{"name":"wp","href":"https:\/\/api.w.org\/{rel}","templated":true}]}}