{"id":188,"date":"2026-01-28T21:42:23","date_gmt":"2026-01-28T21:42:23","guid":{"rendered":"https:\/\/ebrich.com\/nos-services\/"},"modified":"2026-01-30T15:19:21","modified_gmt":"2026-01-30T15:19:21","slug":"nos-services","status":"publish","type":"page","link":"https:\/\/ebrich.com\/fr\/nos-services\/","title":{"rendered":"Nos services"},"content":{"rendered":"\t\t<div data-elementor-type=\"wp-page\" data-elementor-id=\"188\" class=\"elementor elementor-188 elementor-58\" data-elementor-post-type=\"page\">\n\t\t\t\t<div class=\"elementor-element elementor-element-202d1aa e-flex e-con-boxed e-con e-parent\" data-id=\"202d1aa\" data-element_type=\"container\" data-e-type=\"container\">\n\t\t\t\t\t<div class=\"e-con-inner\">\n\t\t\t\t<div class=\"elementor-element elementor-element-0808a70 elementor-widget elementor-widget-text-editor\" data-id=\"0808a70\" data-element_type=\"widget\" data-e-type=\"widget\" data-widget_type=\"text-editor.default\">\n\t\t\t\t\t\t\t\t\t<h1>Nos services<\/h1>\n<p>Nous obtenons nos informations gr\u00e2ce \u00e0 des demandes d&rsquo;acc\u00e8s \u00e0 l&rsquo;information adress\u00e9es \u00e0 divers organismes gouvernementaux et \u00e0 des bases de donn\u00e9es accessibles au public publi\u00e9es par les gouvernements et d&rsquo;autres organismes. Une fois que nous avons identifi\u00e9 des actifs non r\u00e9clam\u00e9s pour des clients potentiels, nous localisons et contactons les b\u00e9n\u00e9ficiaires de ces actifs. <\/p>\n<h2>NOTRE APPROCHE<\/h2>\n<p>E.B. Rich Research Inc. reconna\u00eet qu&rsquo;il existe aujourd&rsquo;hui de nombreuses escroqueries dont sont victimes des particuliers ; nous avons con\u00e7u nos services pour r\u00e9pondre aux pr\u00e9occupations li\u00e9es aux risques. Nous travaillons sur la base d&rsquo;une r\u00e9mun\u00e9ration au r\u00e9sultat. Nos services ne comportent aucun frais initial ni co\u00fbt suppl\u00e9mentaire. E.B. Rich Research Inc. prendra en charge tous les frais li\u00e9s au recouvrement des actifs non r\u00e9clam\u00e9s. Nous ne demandons aucune information relative \u00e0 votre cr\u00e9dit ou \u00e0 votre compte bancaire. Les montants recouvr\u00e9s sont vers\u00e9s directement \u00e0 nos clients. Notre r\u00e9mun\u00e9ration d\u00e9pend du succ\u00e8s de la r\u00e9cup\u00e9ration des fonds. Nous ne facturons nos honoraires qu&rsquo;apr\u00e8s que nos clients ont re\u00e7u le montant. S&rsquo;il n&rsquo;y a pas de r\u00e9cup\u00e9ration, nos services ne sont pas factur\u00e9s.        <\/p>\n<p><\/p><h2>TYPES D&rsquo;ACTIFS NON R\u00c9CLAM\u00c9S<\/h2>\n<p><\/p><ul><li>Esp\u00e8ces<\/li><li>Comptes bancaires<\/li><li>Ch\u00e8ques<\/li><li>Instruments n\u00e9gociables<\/li><li>D\u00e9p\u00f4ts \u00e0 terme<\/li><li>Titres<\/li><li>Redevances<\/li><li>Paiements d&rsquo;int\u00e9r\u00eats\/dividendes<\/li><li>Versements de pension<\/li><li>Produit de l&rsquo;assurance-vie<\/li><li>Remboursements d&rsquo;imp\u00f4t ou paiements exc\u00e9dentaires<\/li><li>Fonds dus aux cr\u00e9anciers<\/li><\/ul>\n<h2>POURQUOI LES ACTIFS SE PERDENT<\/h2>\n<p>Le monde des affaires actuel est tr\u00e8s agit\u00e9, les entreprises font des acquisitions, des cessions, des r\u00e9ductions d&rsquo;effectifs et des restructurations. Dans ce contexte, les actifs peuvent \u00e9chapper au contr\u00f4le des entreprises. <\/p>\n<p>En ce qui concerne les particuliers, il arrive que des personnes perdent la trace de leurs actifs \u00e0 la suite d&rsquo;un d\u00e9m\u00e9nagement ou d&rsquo;un d\u00e9c\u00e8s, lorsque la succession ignore qu&rsquo;elles ont droit \u00e0 des fonds. Il arrive parfois que des particuliers se voient attribuer des actifs dont ils n&rsquo;ont pas connaissance. <\/p>\n<h2>NOTRE PROCESSUS DE R\u00c9CUP\u00c9RATION<\/h2>\n<p>Nous effectuons toutes les d\u00e9marches n\u00e9cessaires pour r\u00e9clamer les avoirs non r\u00e9clam\u00e9s au nom de nos clients. Le processus consiste \u00e0 conclure un contrat d\u00e9taillant les termes de l&rsquo;accord. L&rsquo;\u00e9tape suivante consiste \u00e0 signer un document qui autorise E.B. Rich Research Inc. \u00e0 travailler avec la source des avoirs non r\u00e9clam\u00e9s au nom de notre client, en particulier en ce qui concerne les montants en souffrance.  <\/p>\n<p><\/p><ul><li>Nos chercheurs hautement qualifi\u00e9s identifient les actifs non r\u00e9clam\u00e9s \u00e0 l&rsquo;aide de techniques d&rsquo;investigation et de notre logiciel propri\u00e9taire \u00e0 partir d&rsquo;une multitude de sources.<\/li><li>Une fois les actifs identifi\u00e9s, nos chercheurs, g\u00e9n\u00e9alogistes et chercheurs d&rsquo;h\u00e9ritiers s&rsquo;efforcent de d\u00e9terminer et de localiser les ayants droit.<\/li><li>Nous concluons un contrat d&rsquo;honoraires conditionnels avec nos clients.<\/li><li>Nous pr\u00e9parons tous les documents relatifs \u00e0 la r\u00e9clamation.<\/li><li>Nous soumettons les demandes d&rsquo;indemnisation en indiquant la source des actifs non r\u00e9clam\u00e9s.<\/li><li>Nous assurons le suivi et le contr\u00f4le de la r\u00e9clamation.<\/li><li>Tous les montants sont \u00e9mis au nom du client.<\/li><li>Nous facturons uniquement apr\u00e8s r\u00e9ception des montants par nos clients.<\/li><li>Le processus de r\u00e9tablissement dure g\u00e9n\u00e9ralement entre 4 et 6 semaines.<\/li><\/ul>\t\t\t\t\t\t\t\t<\/div>\n\t\t\t\t\t<\/div>\n\t\t\t\t<\/div>\n\t\t\t\t<\/div>\n\t\t","protected":false},"excerpt":{"rendered":"<p>Nos services Nous obtenons nos informations gr\u00e2ce \u00e0 des demandes d&rsquo;acc\u00e8s \u00e0 l&rsquo;information adress\u00e9es \u00e0 divers organismes gouvernementaux et \u00e0 des bases de donn\u00e9es accessibles au public publi\u00e9es par les gouvernements et d&rsquo;autres organismes. Une fois que nous avons identifi\u00e9 des actifs non r\u00e9clam\u00e9s pour des clients potentiels, nous localisons et contactons les b\u00e9n\u00e9ficiaires de [&hellip;]<\/p>\n","protected":false},"author":1,"featured_media":0,"parent":0,"menu_order":0,"comment_status":"closed","ping_status":"closed","template":"","meta":{"footnotes":""},"class_list":["post-188","page","type-page","status-publish","hentry"],"_links":{"self":[{"href":"https:\/\/ebrich.com\/fr\/wp-json\/wp\/v2\/pages\/188","targetHints":{"allow":["GET"]}}],"collection":[{"href":"https:\/\/ebrich.com\/fr\/wp-json\/wp\/v2\/pages"}],"about":[{"href":"https:\/\/ebrich.com\/fr\/wp-json\/wp\/v2\/types\/page"}],"author":[{"embeddable":true,"href":"https:\/\/ebrich.com\/fr\/wp-json\/wp\/v2\/users\/1"}],"replies":[{"embeddable":true,"href":"https:\/\/ebrich.com\/fr\/wp-json\/wp\/v2\/comments?post=188"}],"version-history":[{"count":1,"href":"https:\/\/ebrich.com\/fr\/wp-json\/wp\/v2\/pages\/188\/revisions"}],"predecessor-version":[{"id":189,"href":"https:\/\/ebrich.com\/fr\/wp-json\/wp\/v2\/pages\/188\/revisions\/189"}],"wp:attachment":[{"href":"https:\/\/ebrich.com\/fr\/wp-json\/wp\/v2\/media?parent=188"}],"curies":[{"name":"wp","href":"https:\/\/api.w.org\/{rel}","templated":true}]}}